{"id":74,"date":"2024-02-02T13:01:40","date_gmt":"2024-02-02T13:01:40","guid":{"rendered":"https:\/\/lapmesterduo.hu\/?page_id=74"},"modified":"2024-03-11T16:54:03","modified_gmt":"2024-03-11T16:54:03","slug":"melea-hotel","status":"publish","type":"page","link":"https:\/\/www.lapmesterduo.hu\/?page_id=74","title":{"rendered":"Melea hotel"},"content":{"rendered":"","protected":false},"excerpt":{"rendered":"","protected":false},"author":1,"featured_media":0,"parent":0,"menu_order":0,"comment_status":"closed","ping_status":"closed","template":"","meta":{"footnotes":""},"class_list":["post-74","page","type-page","status-publish","hentry"],"yoast_head":"<!-- This site is optimized with the Yoast SEO plugin v27.5 - https:\/\/yoast.com\/product\/yoast-seo-wordpress\/ -->\n<title>Lapmester Duo - Melea Hotel<\/title>\n<meta name=\"description\" content=\"A Lapmesterduo Kft. \u00e9s a Melea Hotel egy\u00fcttm\u0171k\u00f6d\u00e9se S\u00e1rv\u00e1ron. C\u00e9g\u00fcnk v\u00e9gezte a hotel eg\u00e9sz ter\u00fclet\u00e9n a hidegburkol\u00e1st\" \/>\n<meta name=\"robots\" content=\"index, follow, max-snippet:-1, max-image-preview:large, max-video-preview:-1\" \/>\n<link rel=\"canonical\" href=\"https:\/\/www.lapmesterduo.hu\/?page_id=74\" \/>\n<meta property=\"og:locale\" content=\"hu_HU\" \/>\n<meta property=\"og:type\" content=\"article\" \/>\n<meta property=\"og:title\" content=\"Lapmester Duo - Melea Hotel\" \/>\n<meta property=\"og:description\" content=\"A Lapmesterduo Kft. \u00e9s a Melea Hotel egy\u00fcttm\u0171k\u00f6d\u00e9se S\u00e1rv\u00e1ron. C\u00e9g\u00fcnk v\u00e9gezte a hotel eg\u00e9sz ter\u00fclet\u00e9n a hidegburkol\u00e1st\" \/>\n<meta property=\"og:url\" content=\"https:\/\/www.lapmesterduo.hu\/?page_id=74\" \/>\n<meta property=\"og:site_name\" content=\"Lapmesterduo\" \/>\n<meta property=\"article:modified_time\" content=\"2024-03-11T16:54:03+00:00\" \/>\n<meta property=\"og:image\" content=\"https:\/\/www.lapmesterduo.hu\/wp-content\/uploads\/2024\/02\/Lapmester_Duo_Logo-2-1024x1024.png\" \/>\n\t<meta property=\"og:image:width\" content=\"1024\" \/>\n\t<meta property=\"og:image:height\" content=\"1024\" \/>\n\t<meta property=\"og:image:type\" content=\"image\/png\" \/>\n<meta name=\"twitter:card\" content=\"summary_large_image\" \/>\n<meta name=\"twitter:label1\" content=\"Becs\u00fclt olvas\u00e1si id\u0151\" \/>\n\t<meta name=\"twitter:data1\" content=\"3 perc\" \/>\n<script type=\"application\/ld+json\" class=\"yoast-schema-graph\">{\"@context\":\"https:\\\/\\\/schema.org\",\"@graph\":[{\"@type\":\"WebPage\",\"@id\":\"https:\\\/\\\/www.lapmesterduo.hu\\\/?page_id=74\",\"url\":\"https:\\\/\\\/www.lapmesterduo.hu\\\/?page_id=74\",\"name\":\"Lapmester Duo - Melea Hotel\",\"isPartOf\":{\"@id\":\"https:\\\/\\\/www.lapmesterduo.hu\\\/#website\"},\"datePublished\":\"2024-02-02T13:01:40+00:00\",\"dateModified\":\"2024-03-11T16:54:03+00:00\",\"description\":\"A Lapmesterduo Kft. \u00e9s a Melea Hotel egy\u00fcttm\u0171k\u00f6d\u00e9se S\u00e1rv\u00e1ron. C\u00e9g\u00fcnk v\u00e9gezte a hotel eg\u00e9sz ter\u00fclet\u00e9n a hidegburkol\u00e1st\",\"breadcrumb\":{\"@id\":\"https:\\\/\\\/www.lapmesterduo.hu\\\/?page_id=74#breadcrumb\"},\"inLanguage\":\"hu\",\"potentialAction\":[{\"@type\":\"ReadAction\",\"target\":[\"https:\\\/\\\/www.lapmesterduo.hu\\\/?page_id=74\"]}]},{\"@type\":\"BreadcrumbList\",\"@id\":\"https:\\\/\\\/www.lapmesterduo.hu\\\/?page_id=74#breadcrumb\",\"itemListElement\":[{\"@type\":\"ListItem\",\"position\":1,\"name\":\"Kezd\u0151lap\",\"item\":\"https:\\\/\\\/www.lapmesterduo.hu\\\/\"},{\"@type\":\"ListItem\",\"position\":2,\"name\":\"Melea hotel\"}]},{\"@type\":\"WebSite\",\"@id\":\"https:\\\/\\\/www.lapmesterduo.hu\\\/#website\",\"url\":\"https:\\\/\\\/www.lapmesterduo.hu\\\/\",\"name\":\"Lapmesterduo\",\"description\":\"Magas min\u0151s\u00e9g\u0171 hidegburkol\u00e1s\",\"publisher\":{\"@id\":\"https:\\\/\\\/www.lapmesterduo.hu\\\/#organization\"},\"potentialAction\":[{\"@type\":\"SearchAction\",\"target\":{\"@type\":\"EntryPoint\",\"urlTemplate\":\"https:\\\/\\\/www.lapmesterduo.hu\\\/?s={search_term_string}\"},\"query-input\":{\"@type\":\"PropertyValueSpecification\",\"valueRequired\":true,\"valueName\":\"search_term_string\"}}],\"inLanguage\":\"hu\"},{\"@type\":\"Organization\",\"@id\":\"https:\\\/\\\/www.lapmesterduo.hu\\\/#organization\",\"name\":\"Lapmesterduo\",\"url\":\"https:\\\/\\\/www.lapmesterduo.hu\\\/\",\"logo\":{\"@type\":\"ImageObject\",\"inLanguage\":\"hu\",\"@id\":\"https:\\\/\\\/www.lapmesterduo.hu\\\/#\\\/schema\\\/logo\\\/image\\\/\",\"url\":\"https:\\\/\\\/lapmesterduo.hu\\\/wp-content\\\/uploads\\\/2024\\\/02\\\/Lapmester_Duo_Logo-2-1024x1024.png\",\"contentUrl\":\"https:\\\/\\\/lapmesterduo.hu\\\/wp-content\\\/uploads\\\/2024\\\/02\\\/Lapmester_Duo_Logo-2-1024x1024.png\",\"width\":1024,\"height\":1024,\"caption\":\"Lapmesterduo\"},\"image\":{\"@id\":\"https:\\\/\\\/www.lapmesterduo.hu\\\/#\\\/schema\\\/logo\\\/image\\\/\"},\"sameAs\":[\"https:\\\/\\\/www.instagram.com\\\/lapmesterduo_kft\\\/?igsh=MXF5dWk1YnQ3bGQwYg\"]}]}<\/script>\n<!-- \/ Yoast SEO plugin. -->","yoast_head_json":{"title":"Lapmester Duo - Melea Hotel","description":"A Lapmesterduo Kft. \u00e9s a Melea Hotel egy\u00fcttm\u0171k\u00f6d\u00e9se S\u00e1rv\u00e1ron. C\u00e9g\u00fcnk v\u00e9gezte a hotel eg\u00e9sz ter\u00fclet\u00e9n a hidegburkol\u00e1st","robots":{"index":"index","follow":"follow","max-snippet":"max-snippet:-1","max-image-preview":"max-image-preview:large","max-video-preview":"max-video-preview:-1"},"canonical":"https:\/\/www.lapmesterduo.hu\/?page_id=74","og_locale":"hu_HU","og_type":"article","og_title":"Lapmester Duo - Melea Hotel","og_description":"A Lapmesterduo Kft. \u00e9s a Melea Hotel egy\u00fcttm\u0171k\u00f6d\u00e9se S\u00e1rv\u00e1ron. C\u00e9g\u00fcnk v\u00e9gezte a hotel eg\u00e9sz ter\u00fclet\u00e9n a hidegburkol\u00e1st","og_url":"https:\/\/www.lapmesterduo.hu\/?page_id=74","og_site_name":"Lapmesterduo","article_modified_time":"2024-03-11T16:54:03+00:00","og_image":[{"width":1024,"height":1024,"url":"https:\/\/www.lapmesterduo.hu\/wp-content\/uploads\/2024\/02\/Lapmester_Duo_Logo-2-1024x1024.png","type":"image\/png"}],"twitter_card":"summary_large_image","twitter_misc":{"Becs\u00fclt olvas\u00e1si id\u0151":"3 perc"},"schema":{"@context":"https:\/\/schema.org","@graph":[{"@type":"WebPage","@id":"https:\/\/www.lapmesterduo.hu\/?page_id=74","url":"https:\/\/www.lapmesterduo.hu\/?page_id=74","name":"Lapmester Duo - Melea Hotel","isPartOf":{"@id":"https:\/\/www.lapmesterduo.hu\/#website"},"datePublished":"2024-02-02T13:01:40+00:00","dateModified":"2024-03-11T16:54:03+00:00","description":"A Lapmesterduo Kft. \u00e9s a Melea Hotel egy\u00fcttm\u0171k\u00f6d\u00e9se S\u00e1rv\u00e1ron. C\u00e9g\u00fcnk v\u00e9gezte a hotel eg\u00e9sz ter\u00fclet\u00e9n a hidegburkol\u00e1st","breadcrumb":{"@id":"https:\/\/www.lapmesterduo.hu\/?page_id=74#breadcrumb"},"inLanguage":"hu","potentialAction":[{"@type":"ReadAction","target":["https:\/\/www.lapmesterduo.hu\/?page_id=74"]}]},{"@type":"BreadcrumbList","@id":"https:\/\/www.lapmesterduo.hu\/?page_id=74#breadcrumb","itemListElement":[{"@type":"ListItem","position":1,"name":"Kezd\u0151lap","item":"https:\/\/www.lapmesterduo.hu\/"},{"@type":"ListItem","position":2,"name":"Melea hotel"}]},{"@type":"WebSite","@id":"https:\/\/www.lapmesterduo.hu\/#website","url":"https:\/\/www.lapmesterduo.hu\/","name":"Lapmesterduo","description":"Magas min\u0151s\u00e9g\u0171 hidegburkol\u00e1s","publisher":{"@id":"https:\/\/www.lapmesterduo.hu\/#organization"},"potentialAction":[{"@type":"SearchAction","target":{"@type":"EntryPoint","urlTemplate":"https:\/\/www.lapmesterduo.hu\/?s={search_term_string}"},"query-input":{"@type":"PropertyValueSpecification","valueRequired":true,"valueName":"search_term_string"}}],"inLanguage":"hu"},{"@type":"Organization","@id":"https:\/\/www.lapmesterduo.hu\/#organization","name":"Lapmesterduo","url":"https:\/\/www.lapmesterduo.hu\/","logo":{"@type":"ImageObject","inLanguage":"hu","@id":"https:\/\/www.lapmesterduo.hu\/#\/schema\/logo\/image\/","url":"https:\/\/lapmesterduo.hu\/wp-content\/uploads\/2024\/02\/Lapmester_Duo_Logo-2-1024x1024.png","contentUrl":"https:\/\/lapmesterduo.hu\/wp-content\/uploads\/2024\/02\/Lapmester_Duo_Logo-2-1024x1024.png","width":1024,"height":1024,"caption":"Lapmesterduo"},"image":{"@id":"https:\/\/www.lapmesterduo.hu\/#\/schema\/logo\/image\/"},"sameAs":["https:\/\/www.instagram.com\/lapmesterduo_kft\/?igsh=MXF5dWk1YnQ3bGQwYg"]}]}},"_links":{"self":[{"href":"https:\/\/www.lapmesterduo.hu\/index.php?rest_route=\/wp\/v2\/pages\/74","targetHints":{"allow":["GET"]}}],"collection":[{"href":"https:\/\/www.lapmesterduo.hu\/index.php?rest_route=\/wp\/v2\/pages"}],"about":[{"href":"https:\/\/www.lapmesterduo.hu\/index.php?rest_route=\/wp\/v2\/types\/page"}],"author":[{"embeddable":true,"href":"https:\/\/www.lapmesterduo.hu\/index.php?rest_route=\/wp\/v2\/users\/1"}],"replies":[{"embeddable":true,"href":"https:\/\/www.lapmesterduo.hu\/index.php?rest_route=%2Fwp%2Fv2%2Fcomments&post=74"}],"version-history":[{"count":4,"href":"https:\/\/www.lapmesterduo.hu\/index.php?rest_route=\/wp\/v2\/pages\/74\/revisions"}],"predecessor-version":[{"id":375,"href":"https:\/\/www.lapmesterduo.hu\/index.php?rest_route=\/wp\/v2\/pages\/74\/revisions\/375"}],"wp:attachment":[{"href":"https:\/\/www.lapmesterduo.hu\/index.php?rest_route=%2Fwp%2Fv2%2Fmedia&parent=74"}],"curies":[{"name":"wp","href":"https:\/\/api.w.org\/{rel}","templated":true}]}}