{"id":34,"date":"2024-01-04T19:16:39","date_gmt":"2024-01-04T19:16:39","guid":{"rendered":"https:\/\/lapmesterduo.hu\/?page_id=34"},"modified":"2024-03-14T10:13:11","modified_gmt":"2024-03-14T10:13:11","slug":"fooldal","status":"publish","type":"page","link":"https:\/\/www.lapmesterduo.hu\/","title":{"rendered":"F\u0151oldal"},"content":{"rendered":"","protected":false},"excerpt":{"rendered":"","protected":false},"author":1,"featured_media":0,"parent":0,"menu_order":0,"comment_status":"closed","ping_status":"closed","template":"","meta":{"footnotes":""},"class_list":["post-34","page","type-page","status-publish","hentry"],"yoast_head":"<!-- This site is optimized with the Yoast SEO plugin v27.5 - https:\/\/yoast.com\/product\/yoast-seo-wordpress\/ -->\n<title>Lapmester-Duo - Magas Min\u0151s\u00e9g\u0171 Hidegburkol\u00e1s<\/title>\n<meta name=\"description\" content=\"Magas min\u0151s\u00e9g\u0171 hidegburkol\u00e1si szolg\u00e1ltat\u00e1sainkkal garant\u00e1ltan az \u00d6n ig\u00e9nyeinek \u00e9s elv\u00e1r\u00e1sainak megfelel\u0151 eredm\u00e9nyt ny\u00fajtunk.\" \/>\n<meta name=\"robots\" content=\"index, follow, max-snippet:-1, max-image-preview:large, max-video-preview:-1\" \/>\n<link rel=\"canonical\" href=\"https:\/\/lapmesterduo.hu\" \/>\n<meta property=\"og:locale\" content=\"hu_HU\" \/>\n<meta property=\"og:type\" content=\"article\" \/>\n<meta property=\"og:title\" content=\"Lapmester Duo Kft. Magas Min\u0151s\u00e9g\u0171 Hidegburkol\u00e1s\" \/>\n<meta property=\"og:description\" content=\"Magas min\u0151s\u00e9g\u0171 hidegburkol\u00e1si szolg\u00e1ltat\u00e1sainkkal garant\u00e1ltan az \u00d6n ig\u00e9nyeinek \u00e9s elv\u00e1r\u00e1sainak megfelel\u0151 eredm\u00e9nyt ny\u00fajtunk. Legyen sz\u00f3 lak\u00e1sfel\u00faj\u00edt\u00e1sr\u00f3l, \u00e9p\u00edtkez\u00e9sr\u0151l vagy m\u00e1s hidegburkol\u00e1si projektekr\u0151l, tapasztalt csapatunk \u00e1ll rendelkez\u00e9s\u00e9re, hogy megval\u00f3s\u00edtsa \u00e1lmait.\" \/>\n<meta property=\"og:url\" content=\"https:\/\/lapmesterduo.hu\" \/>\n<meta property=\"og:site_name\" content=\"Lapmesterduo\" \/>\n<meta property=\"article:modified_time\" content=\"2024-03-14T10:13:11+00:00\" \/>\n<meta property=\"og:image\" content=\"https:\/\/www.lapmesterduo.hu\/wp-content\/uploads\/2024\/02\/Lapmester_Duo_Logo-2-1024x1024.png\" \/>\n\t<meta property=\"og:image:width\" content=\"1024\" \/>\n\t<meta property=\"og:image:height\" content=\"1024\" \/>\n\t<meta property=\"og:image:type\" content=\"image\/png\" \/>\n<meta name=\"twitter:card\" content=\"summary_large_image\" \/>\n<meta name=\"twitter:label1\" content=\"Becs\u00fclt olvas\u00e1si id\u0151\" \/>\n\t<meta name=\"twitter:data1\" content=\"5 perc\" \/>\n<script type=\"application\/ld+json\" class=\"yoast-schema-graph\">{\"@context\":\"https:\\\/\\\/schema.org\",\"@graph\":[{\"@type\":\"WebPage\",\"@id\":\"https:\\\/\\\/www.lapmesterduo.hu\\\/\",\"url\":\"https:\\\/\\\/lapmesterduo.hu\",\"name\":\"Lapmester-Duo - Magas Min\u0151s\u00e9g\u0171 Hidegburkol\u00e1s\",\"isPartOf\":{\"@id\":\"https:\\\/\\\/www.lapmesterduo.hu\\\/#website\"},\"datePublished\":\"2024-01-04T19:16:39+00:00\",\"dateModified\":\"2024-03-14T10:13:11+00:00\",\"description\":\"Magas min\u0151s\u00e9g\u0171 hidegburkol\u00e1si szolg\u00e1ltat\u00e1sainkkal garant\u00e1ltan az \u00d6n ig\u00e9nyeinek \u00e9s elv\u00e1r\u00e1sainak megfelel\u0151 eredm\u00e9nyt ny\u00fajtunk.\",\"breadcrumb\":{\"@id\":\"https:\\\/\\\/lapmesterduo.hu#breadcrumb\"},\"inLanguage\":\"hu\",\"potentialAction\":[{\"@type\":\"ReadAction\",\"target\":[\"https:\\\/\\\/lapmesterduo.hu\"]}]},{\"@type\":\"BreadcrumbList\",\"@id\":\"https:\\\/\\\/lapmesterduo.hu#breadcrumb\",\"itemListElement\":[{\"@type\":\"ListItem\",\"position\":1,\"name\":\"Kezd\u0151lap\",\"item\":\"https:\\\/\\\/www.lapmesterduo.hu\\\/\"},{\"@type\":\"ListItem\",\"position\":2,\"name\":\"Lapmester Duo Kft.\"}]},{\"@type\":\"WebSite\",\"@id\":\"https:\\\/\\\/www.lapmesterduo.hu\\\/#website\",\"url\":\"https:\\\/\\\/www.lapmesterduo.hu\\\/\",\"name\":\"Lapmesterduo\",\"description\":\"Magas min\u0151s\u00e9g\u0171 hidegburkol\u00e1s\",\"publisher\":{\"@id\":\"https:\\\/\\\/www.lapmesterduo.hu\\\/#organization\"},\"potentialAction\":[{\"@type\":\"SearchAction\",\"target\":{\"@type\":\"EntryPoint\",\"urlTemplate\":\"https:\\\/\\\/www.lapmesterduo.hu\\\/?s={search_term_string}\"},\"query-input\":{\"@type\":\"PropertyValueSpecification\",\"valueRequired\":true,\"valueName\":\"search_term_string\"}}],\"inLanguage\":\"hu\"},{\"@type\":\"Organization\",\"@id\":\"https:\\\/\\\/www.lapmesterduo.hu\\\/#organization\",\"name\":\"Lapmesterduo\",\"url\":\"https:\\\/\\\/www.lapmesterduo.hu\\\/\",\"logo\":{\"@type\":\"ImageObject\",\"inLanguage\":\"hu\",\"@id\":\"https:\\\/\\\/www.lapmesterduo.hu\\\/#\\\/schema\\\/logo\\\/image\\\/\",\"url\":\"https:\\\/\\\/lapmesterduo.hu\\\/wp-content\\\/uploads\\\/2024\\\/02\\\/Lapmester_Duo_Logo-2-1024x1024.png\",\"contentUrl\":\"https:\\\/\\\/lapmesterduo.hu\\\/wp-content\\\/uploads\\\/2024\\\/02\\\/Lapmester_Duo_Logo-2-1024x1024.png\",\"width\":1024,\"height\":1024,\"caption\":\"Lapmesterduo\"},\"image\":{\"@id\":\"https:\\\/\\\/www.lapmesterduo.hu\\\/#\\\/schema\\\/logo\\\/image\\\/\"},\"sameAs\":[\"https:\\\/\\\/www.instagram.com\\\/lapmesterduo_kft\\\/?igsh=MXF5dWk1YnQ3bGQwYg\"]}]}<\/script>\n<!-- \/ Yoast SEO plugin. -->","yoast_head_json":{"title":"Lapmester-Duo - Magas Min\u0151s\u00e9g\u0171 Hidegburkol\u00e1s","description":"Magas min\u0151s\u00e9g\u0171 hidegburkol\u00e1si szolg\u00e1ltat\u00e1sainkkal garant\u00e1ltan az \u00d6n ig\u00e9nyeinek \u00e9s elv\u00e1r\u00e1sainak megfelel\u0151 eredm\u00e9nyt ny\u00fajtunk.","robots":{"index":"index","follow":"follow","max-snippet":"max-snippet:-1","max-image-preview":"max-image-preview:large","max-video-preview":"max-video-preview:-1"},"canonical":"https:\/\/lapmesterduo.hu","og_locale":"hu_HU","og_type":"article","og_title":"Lapmester Duo Kft. Magas Min\u0151s\u00e9g\u0171 Hidegburkol\u00e1s","og_description":"Magas min\u0151s\u00e9g\u0171 hidegburkol\u00e1si szolg\u00e1ltat\u00e1sainkkal garant\u00e1ltan az \u00d6n ig\u00e9nyeinek \u00e9s elv\u00e1r\u00e1sainak megfelel\u0151 eredm\u00e9nyt ny\u00fajtunk. Legyen sz\u00f3 lak\u00e1sfel\u00faj\u00edt\u00e1sr\u00f3l, \u00e9p\u00edtkez\u00e9sr\u0151l vagy m\u00e1s hidegburkol\u00e1si projektekr\u0151l, tapasztalt csapatunk \u00e1ll rendelkez\u00e9s\u00e9re, hogy megval\u00f3s\u00edtsa \u00e1lmait.","og_url":"https:\/\/lapmesterduo.hu","og_site_name":"Lapmesterduo","article_modified_time":"2024-03-14T10:13:11+00:00","og_image":[{"width":1024,"height":1024,"url":"https:\/\/www.lapmesterduo.hu\/wp-content\/uploads\/2024\/02\/Lapmester_Duo_Logo-2-1024x1024.png","type":"image\/png"}],"twitter_card":"summary_large_image","twitter_misc":{"Becs\u00fclt olvas\u00e1si id\u0151":"5 perc"},"schema":{"@context":"https:\/\/schema.org","@graph":[{"@type":"WebPage","@id":"https:\/\/www.lapmesterduo.hu\/","url":"https:\/\/lapmesterduo.hu","name":"Lapmester-Duo - Magas Min\u0151s\u00e9g\u0171 Hidegburkol\u00e1s","isPartOf":{"@id":"https:\/\/www.lapmesterduo.hu\/#website"},"datePublished":"2024-01-04T19:16:39+00:00","dateModified":"2024-03-14T10:13:11+00:00","description":"Magas min\u0151s\u00e9g\u0171 hidegburkol\u00e1si szolg\u00e1ltat\u00e1sainkkal garant\u00e1ltan az \u00d6n ig\u00e9nyeinek \u00e9s elv\u00e1r\u00e1sainak megfelel\u0151 eredm\u00e9nyt ny\u00fajtunk.","breadcrumb":{"@id":"https:\/\/lapmesterduo.hu#breadcrumb"},"inLanguage":"hu","potentialAction":[{"@type":"ReadAction","target":["https:\/\/lapmesterduo.hu"]}]},{"@type":"BreadcrumbList","@id":"https:\/\/lapmesterduo.hu#breadcrumb","itemListElement":[{"@type":"ListItem","position":1,"name":"Kezd\u0151lap","item":"https:\/\/www.lapmesterduo.hu\/"},{"@type":"ListItem","position":2,"name":"Lapmester Duo Kft."}]},{"@type":"WebSite","@id":"https:\/\/www.lapmesterduo.hu\/#website","url":"https:\/\/www.lapmesterduo.hu\/","name":"Lapmesterduo","description":"Magas min\u0151s\u00e9g\u0171 hidegburkol\u00e1s","publisher":{"@id":"https:\/\/www.lapmesterduo.hu\/#organization"},"potentialAction":[{"@type":"SearchAction","target":{"@type":"EntryPoint","urlTemplate":"https:\/\/www.lapmesterduo.hu\/?s={search_term_string}"},"query-input":{"@type":"PropertyValueSpecification","valueRequired":true,"valueName":"search_term_string"}}],"inLanguage":"hu"},{"@type":"Organization","@id":"https:\/\/www.lapmesterduo.hu\/#organization","name":"Lapmesterduo","url":"https:\/\/www.lapmesterduo.hu\/","logo":{"@type":"ImageObject","inLanguage":"hu","@id":"https:\/\/www.lapmesterduo.hu\/#\/schema\/logo\/image\/","url":"https:\/\/lapmesterduo.hu\/wp-content\/uploads\/2024\/02\/Lapmester_Duo_Logo-2-1024x1024.png","contentUrl":"https:\/\/lapmesterduo.hu\/wp-content\/uploads\/2024\/02\/Lapmester_Duo_Logo-2-1024x1024.png","width":1024,"height":1024,"caption":"Lapmesterduo"},"image":{"@id":"https:\/\/www.lapmesterduo.hu\/#\/schema\/logo\/image\/"},"sameAs":["https:\/\/www.instagram.com\/lapmesterduo_kft\/?igsh=MXF5dWk1YnQ3bGQwYg"]}]}},"_links":{"self":[{"href":"https:\/\/www.lapmesterduo.hu\/index.php?rest_route=\/wp\/v2\/pages\/34","targetHints":{"allow":["GET"]}}],"collection":[{"href":"https:\/\/www.lapmesterduo.hu\/index.php?rest_route=\/wp\/v2\/pages"}],"about":[{"href":"https:\/\/www.lapmesterduo.hu\/index.php?rest_route=\/wp\/v2\/types\/page"}],"author":[{"embeddable":true,"href":"https:\/\/www.lapmesterduo.hu\/index.php?rest_route=\/wp\/v2\/users\/1"}],"replies":[{"embeddable":true,"href":"https:\/\/www.lapmesterduo.hu\/index.php?rest_route=%2Fwp%2Fv2%2Fcomments&post=34"}],"version-history":[{"count":1,"href":"https:\/\/www.lapmesterduo.hu\/index.php?rest_route=\/wp\/v2\/pages\/34\/revisions"}],"predecessor-version":[{"id":35,"href":"https:\/\/www.lapmesterduo.hu\/index.php?rest_route=\/wp\/v2\/pages\/34\/revisions\/35"}],"wp:attachment":[{"href":"https:\/\/www.lapmesterduo.hu\/index.php?rest_route=%2Fwp%2Fv2%2Fmedia&parent=34"}],"curies":[{"name":"wp","href":"https:\/\/api.w.org\/{rel}","templated":true}]}}